{"id":17703,"date":"2019-10-01T18:34:26","date_gmt":"2019-10-01T18:34:26","guid":{"rendered":"http:\/\/autlines.templines.org\/auto\/?page_id=17703"},"modified":"2023-05-02T21:44:27","modified_gmt":"2023-05-02T20:44:27","slug":"about","status":"publish","type":"page","link":"https:\/\/bexrentacar.com\/bs\/index.php\/about\/","title":{"rendered":"O nama"},"content":{"rendered":"<section class=\"wpb-content-wrapper\"><p>[vc_row css=&#8221;.vc_custom_1604585755634{margin-top: 100px !important;margin-bottom: 100px !important;}&#8221;][vc_column]<div class=\"fl-vc-custom-title-container fl-animated-item-velocity text-center custom-title\"  data-animate-type=\"slideDownIn\"><div class=\"custom-title-content-wrapper\"><div class=\"fl-subtitle-vc fl-font-style-semi-bolt vc-custom-sub-title\" >DOBRODO\u0160LI U BEX RENT A CAR!<\/div><h2 class=\"fl-title-vc vc-custom-title fl-font-style-bolt\" >O nama<\/h2><\/div><\/div><div class=\"fl-vc-responsive--gap cf\"  style=height:50px;><\/div><div class=\"fl_custom_text__block fl-custom-text-69d4c03883256-6500\" ><p>U Bex Rent A Car, posve\u0107eni smo pru\u017eanju najboljeg mogu\u0107eg iskustva iznajmljivanja automobila na\u0161im klijentima. Razumijemo da iznajmljivanje automobila mo\u017ee biti stresno i zbunjuju\u0107e, stoga se trudimo da proces bude \u0161to lak\u0161i i bez problema. Na\u0161 tim iskusnog i prijateljskog osoblja posve\u0107en je osiguravanju da svaki klijent dobije vrhunsku uslugu i podr\u0161ku. Ovdje smo da vam pomognemo u svakom koraku. Na\u0161a vozila redovno se odr\u017eavaju i servisiraju kako bi bila sigurna, pouzdana i udobna za vo\u017enju.<\/p>\n<p>U Bex Rent A Car-u vjerujemo u transparentnost i iskrenost prema na\u0161im klijentima. Pru\u017eamo jasne i sa\u017eete ugovore o najmu kako biste znali to\u010dno \u0161to dobivate i \u0161to pla\u0107ate. Osiguravamo da su sva na\u0161a vozila pokrivena KASKO osiguranjem, pru\u017eaju\u0107i vam sigurnost i mir u vo\u017enji. Posve\u0107eni smo pru\u017eanju konkurentnih cijena najma i fleksibilnih uvjeta najma kako bismo zadovoljili potrebe na\u0161ih klijenata. Bez obzira trebate li automobil na dan, tjedan ili \u010dak du\u017ee, imamo opcije najma koje su prave za vas.<\/p>\n<p>U Bex Rent A Car-u smo vi\u0161e od obi\u010dne tvrtke za iznajmljivanje automobila. Mi smo va\u0161 partner u putovanju, posve\u0107eni pomaganju da stignete na odredi\u0161te sigurno i udobno. Kontaktirajte nas danas da saznate vi\u0161e o na\u0161im uslugama i rezervirate svoj najam vozila.<\/p>\n<\/div>[\/vc_column][\/vc_row][vc_row full_width=&#8221;stretch_row&#8221; bg_theme_color=&#8221;bg-light-color&#8221; css=&#8221;.vc_custom_1589126156695{padding-top: 100px !important;padding-bottom: 100px !important;}&#8221;][vc_column width=&#8221;1\/3&#8221; column_animation=&#8221;slideUpBigIn&#8221;]<div class=\"fl-vc-icon-box\" ><div class=\"icon-box-style-two\"><div class=\"top-content\"><i class=\"fl-vc-custom-i-014-key\"><\/i><\/div><div class=\"bottom-content\"><h6 class=\"icon-title-content\">Pouzdana vozila<\/h6><div class=\"bottom-content\">Bilo da je rije\u010d o poslovnom putovanju, odmoru ili svakodnevnom kori\u0161tenju, na\u0161i automobili su pouzdani i redovito se odr\u017eavaju po najvi\u0161im standardima kako bismo osigurali va\u0161u sigurnost i udobnost.<\/div><\/div><\/div><\/div><div class=\"fl-vc-responsive--gap cf fl-responsive-gap-69d4c03883326-5309 fl-vc--responsive\"   data-responsive-target='fl-responsive-gap-69d4c03883326-5309'  data-responsive-param='{\"height\":\"mobile:25px;\"}'  style=height:0px;><\/div>[\/vc_column][vc_column width=&#8221;1\/3&#8221; column_animation=&#8221;slideUpBigIn&#8221; column_custom_delay=&#8221;on&#8221; column_animation_delay=&#8221;150&#8221;]<div class=\"fl-vc-icon-box\" ><div class=\"icon-box-style-two primary-icon-box-style\"><div class=\"top-content\"><i class=\"fl-vc-custom-i-040-customer-service\"><\/i><\/div><div class=\"bottom-content\"><h6 class=\"icon-title-content\">Na\u0161a podr\u0161ka<\/h6><div class=\"bottom-content\">Na\u0161 stru\u010dni tim za korisni\u010dku podr\u0161ku dostupan je 24 sata dnevno, 7 dana u sedmici kako bi vam pomogao sa svim pitanjima i problemima koje mo\u017eete imati. Te\u017eimo pru\u017eanju najbolje korisni\u010dke usluge u industriji.<\/div><\/div><\/div><\/div><div class=\"fl-vc-responsive--gap cf fl-responsive-gap-69d4c0388338c-6955 fl-vc--responsive\"   data-responsive-target='fl-responsive-gap-69d4c0388338c-6955'  data-responsive-param='{\"height\":\"mobile:25px;\"}'  style=height:0px;><\/div>[\/vc_column][vc_column width=&#8221;1\/3&#8221; column_animation=&#8221;slideUpBigIn&#8221; column_custom_delay=&#8221;on&#8221; column_animation_delay=&#8221;300&#8221;]<div class=\"fl-vc-icon-box\" ><div class=\"icon-box-style-two\"><div class=\"top-content\"><i class=\"fl-vc-custom-i-022-protection\"><\/i><\/div><div class=\"bottom-content\"><h6 class=\"icon-title-content\">Konkurentni na tr\u017ei\u0161tu<\/h6><div class=\"bottom-content\">Nudimo konkurentne cijene i razne opcije iznajmljivanja vozila koje se uklapaju u svaki bud\u017eet. Bez obzira da li vam je potreban automobil za kratkoro\u010dni najam ili dugoro\u010dni najam, imamo opcije koje \u0107e zadovoljiti va\u0161e potrebe. <\/div><\/div><\/div><\/div>[\/vc_column][\/vc_row]<\/p>\n<\/section>","protected":false},"excerpt":{"rendered":"<p>[vc_row css=&#8221;.vc_custom_1604585755634{margin-top: 100px !important;margin-bottom: 100px !important;}&#8221;][vc_column][\/vc_column][\/vc_row][vc_row full_width=&#8221;stretch_row&#8221; bg_theme_color=&#8221;bg-light-color&#8221; css=&#8221;.vc_custom_1589126156695{padding-top: 100px !important;padding-bottom: 100px !important;}&#8221;][vc_column width=&#8221;1\/3&#8221; column_animation=&#8221;slideUpBigIn&#8221;][\/vc_column][vc_column width=&#8221;1\/3&#8221; column_animation=&#8221;slideUpBigIn&#8221; column_custom_delay=&#8221;on&#8221; column_animation_delay=&#8221;150&#8221;][\/vc_column][vc_column width=&#8221;1\/3&#8221; column_animation=&#8221;slideUpBigIn&#8221; column_custom_delay=&#8221;on&#8221; column_animation_delay=&#8221;300&#8221;][\/vc_column][\/vc_row]<\/p>\n","protected":false},"author":1,"featured_media":0,"parent":0,"menu_order":0,"comment_status":"closed","ping_status":"closed","template":"","meta":{"om_disable_all_campaigns":false,"pmpro_default_level":0,"_uag_custom_page_level_css":"","_monsterinsights_skip_tracking":false,"_monsterinsights_sitenote_active":false,"_monsterinsights_sitenote_note":"","_monsterinsights_sitenote_category":0,"footnotes":""},"acf":[],"yoast_head":"<!-- This site is optimized with the Yoast SEO plugin v21.4 - https:\/\/yoast.com\/wordpress\/plugins\/seo\/ -->\n<title>O nama - bexrentacar.com<\/title>\n<meta name=\"robots\" content=\"index, follow, max-snippet:-1, max-image-preview:large, max-video-preview:-1\" \/>\n<link rel=\"canonical\" href=\"https:\/\/bexrentacar.com\/index.php\/about\/\" \/>\n<meta property=\"og:locale\" content=\"bs_BA\" \/>\n<meta property=\"og:type\" content=\"article\" \/>\n<meta property=\"og:title\" content=\"O nama\" \/>\n<meta property=\"og:description\" content=\"[vc_row css=&#8221;.vc_custom_1604585755634{margin-top: 100px !important;margin-bottom: 100px !important;}&#8221;][vc_column][\/vc_column][\/vc_row][vc_row full_width=&#8221;stretch_row&#8221; bg_theme_color=&#8221;bg-light-color&#8221; css=&#8221;.vc_custom_1589126156695{padding-top: 100px !important;padding-bottom: 100px !important;}&#8221;][vc_column width=&#8221;1\/3&#8221; column_animation=&#8221;slideUpBigIn&#8221;][\/vc_column][vc_column width=&#8221;1\/3&#8221; column_animation=&#8221;slideUpBigIn&#8221; column_custom_delay=&#8221;on&#8221; column_animation_delay=&#8221;150&#8221;][\/vc_column][vc_column width=&#8221;1\/3&#8221; column_animation=&#8221;slideUpBigIn&#8221; column_custom_delay=&#8221;on&#8221; column_animation_delay=&#8221;300&#8221;][\/vc_column][\/vc_row]\" \/>\n<meta property=\"og:url\" content=\"https:\/\/bexrentacar.com\/index.php\/about\/\" \/>\n<meta property=\"og:site_name\" content=\"bexrentacar.com\" \/>\n<meta property=\"article:publisher\" content=\"https:\/\/www.facebook.com\/profile.php?id=100090590109706\" \/>\n<meta property=\"article:modified_time\" content=\"2023-05-02T20:44:27+00:00\" \/>\n<meta name=\"twitter:card\" content=\"summary_large_image\" \/>\n<meta name=\"twitter:label1\" content=\"Est. reading time\" \/>\n\t<meta name=\"twitter:data1\" content=\"6 minuta\" \/>\n<script type=\"application\/ld+json\" class=\"yoast-schema-graph\">{\"@context\":\"https:\/\/schema.org\",\"@graph\":[{\"@type\":\"WebPage\",\"@id\":\"https:\/\/bexrentacar.com\/index.php\/about\/\",\"url\":\"https:\/\/bexrentacar.com\/index.php\/about\/\",\"name\":\"[:en]About[:bs]O nama[:] - bexrentacar.com\",\"isPartOf\":{\"@id\":\"https:\/\/bexrentacar.com\/#website\"},\"datePublished\":\"2019-10-01T18:34:26+00:00\",\"dateModified\":\"2023-05-02T20:44:27+00:00\",\"breadcrumb\":{\"@id\":\"https:\/\/bexrentacar.com\/index.php\/about\/#breadcrumb\"},\"inLanguage\":\"bs-BA\",\"potentialAction\":[{\"@type\":\"ReadAction\",\"target\":[\"https:\/\/bexrentacar.com\/index.php\/about\/\"]}]},{\"@type\":\"BreadcrumbList\",\"@id\":\"https:\/\/bexrentacar.com\/index.php\/about\/#breadcrumb\",\"itemListElement\":[{\"@type\":\"ListItem\",\"position\":1,\"name\":\"Home\",\"item\":\"https:\/\/bexrentacar.com\/\"},{\"@type\":\"ListItem\",\"position\":2,\"name\":\"About\"}]},{\"@type\":\"WebSite\",\"@id\":\"https:\/\/bexrentacar.com\/#website\",\"url\":\"https:\/\/bexrentacar.com\/\",\"name\":\"bexrentacar.com\",\"description\":\"Rent a Car Sarajevo\",\"publisher\":{\"@id\":\"https:\/\/bexrentacar.com\/#organization\"},\"potentialAction\":[{\"@type\":\"SearchAction\",\"target\":{\"@type\":\"EntryPoint\",\"urlTemplate\":\"https:\/\/bexrentacar.com\/?s={search_term_string}\"},\"query-input\":\"required name=search_term_string\"}],\"inLanguage\":\"bs-BA\"},{\"@type\":\"Organization\",\"@id\":\"https:\/\/bexrentacar.com\/#organization\",\"name\":\"Bex Rent a Car Sarajevo\",\"url\":\"https:\/\/bexrentacar.com\/\",\"logo\":{\"@type\":\"ImageObject\",\"inLanguage\":\"bs-BA\",\"@id\":\"https:\/\/bexrentacar.com\/#\/schema\/logo\/image\/\",\"url\":\"https:\/\/bexrentacar.com\/wp-content\/uploads\/2018\/06\/bex-logo-10-04-1-e1682288458688.png\",\"contentUrl\":\"https:\/\/bexrentacar.com\/wp-content\/uploads\/2018\/06\/bex-logo-10-04-1-e1682288458688.png\",\"width\":7515,\"height\":5431,\"caption\":\"Bex Rent a Car Sarajevo\"},\"image\":{\"@id\":\"https:\/\/bexrentacar.com\/#\/schema\/logo\/image\/\"},\"sameAs\":[\"https:\/\/www.facebook.com\/profile.php?id=100090590109706\",\"https:\/\/www.instagram.com\/bex_rent_a_car\/\"]}]}<\/script>\n<!-- \/ Yoast SEO plugin. -->","yoast_head_json":{"title":"O nama - bexrentacar.com","robots":{"index":"index","follow":"follow","max-snippet":"max-snippet:-1","max-image-preview":"max-image-preview:large","max-video-preview":"max-video-preview:-1"},"canonical":"https:\/\/bexrentacar.com\/index.php\/about\/","og_locale":"bs_BA","og_type":"article","og_title":"[:en]About[:bs]O nama[:] - bexrentacar.com","og_description":"[vc_row css=&#8221;.vc_custom_1604585755634{margin-top: 100px !important;margin-bottom: 100px !important;}&#8221;][vc_column][\/vc_column][\/vc_row][vc_row full_width=&#8221;stretch_row&#8221; bg_theme_color=&#8221;bg-light-color&#8221; css=&#8221;.vc_custom_1589126156695{padding-top: 100px !important;padding-bottom: 100px !important;}&#8221;][vc_column width=&#8221;1\/3&#8221; column_animation=&#8221;slideUpBigIn&#8221;][\/vc_column][vc_column width=&#8221;1\/3&#8221; column_animation=&#8221;slideUpBigIn&#8221; column_custom_delay=&#8221;on&#8221; column_animation_delay=&#8221;150&#8221;][\/vc_column][vc_column width=&#8221;1\/3&#8221; column_animation=&#8221;slideUpBigIn&#8221; column_custom_delay=&#8221;on&#8221; column_animation_delay=&#8221;300&#8221;][\/vc_column][\/vc_row]","og_url":"https:\/\/bexrentacar.com\/index.php\/about\/","og_site_name":"bexrentacar.com","article_publisher":"https:\/\/www.facebook.com\/profile.php?id=100090590109706","article_modified_time":"2023-05-02T20:44:27+00:00","twitter_card":"summary_large_image","twitter_misc":{"Est. reading time":"6 minuta"},"schema":{"@context":"https:\/\/schema.org","@graph":[{"@type":"WebPage","@id":"https:\/\/bexrentacar.com\/index.php\/about\/","url":"https:\/\/bexrentacar.com\/index.php\/about\/","name":"[:en]About[:bs]O nama[:] - bexrentacar.com","isPartOf":{"@id":"https:\/\/bexrentacar.com\/#website"},"datePublished":"2019-10-01T18:34:26+00:00","dateModified":"2023-05-02T20:44:27+00:00","breadcrumb":{"@id":"https:\/\/bexrentacar.com\/index.php\/about\/#breadcrumb"},"inLanguage":"bs-BA","potentialAction":[{"@type":"ReadAction","target":["https:\/\/bexrentacar.com\/index.php\/about\/"]}]},{"@type":"BreadcrumbList","@id":"https:\/\/bexrentacar.com\/index.php\/about\/#breadcrumb","itemListElement":[{"@type":"ListItem","position":1,"name":"Home","item":"https:\/\/bexrentacar.com\/"},{"@type":"ListItem","position":2,"name":"About"}]},{"@type":"WebSite","@id":"https:\/\/bexrentacar.com\/#website","url":"https:\/\/bexrentacar.com\/","name":"bexrentacar.com","description":"Rent a Car Sarajevo","publisher":{"@id":"https:\/\/bexrentacar.com\/#organization"},"potentialAction":[{"@type":"SearchAction","target":{"@type":"EntryPoint","urlTemplate":"https:\/\/bexrentacar.com\/?s={search_term_string}"},"query-input":"required name=search_term_string"}],"inLanguage":"bs-BA"},{"@type":"Organization","@id":"https:\/\/bexrentacar.com\/#organization","name":"Bex Rent a Car Sarajevo","url":"https:\/\/bexrentacar.com\/","logo":{"@type":"ImageObject","inLanguage":"bs-BA","@id":"https:\/\/bexrentacar.com\/#\/schema\/logo\/image\/","url":"https:\/\/bexrentacar.com\/wp-content\/uploads\/2018\/06\/bex-logo-10-04-1-e1682288458688.png","contentUrl":"https:\/\/bexrentacar.com\/wp-content\/uploads\/2018\/06\/bex-logo-10-04-1-e1682288458688.png","width":7515,"height":5431,"caption":"Bex Rent a Car Sarajevo"},"image":{"@id":"https:\/\/bexrentacar.com\/#\/schema\/logo\/image\/"},"sameAs":["https:\/\/www.facebook.com\/profile.php?id=100090590109706","https:\/\/www.instagram.com\/bex_rent_a_car\/"]}]}},"uagb_featured_image_src":{"full":false,"thumbnail":false,"medium":false,"medium_large":false,"large":false,"1536x1536":false,"2048x2048":false,"awb_sm":false,"awb_md":false,"awb_lg":false,"awb_xl":false,"revus_size_size_80x80_crop":false,"revus_size_size_90x90_crop":false,"revus_size_size_130x130_crop":false,"revus_size_size_291x255_crop":false,"revus_size_1170x658_crop":false,"revus_size_600x360_crop":false,"revus_size_945x450_crop":false,"revus_size_750x430_crop":false,"revus_size_480x360_crop":false,"revus_size_180x100_crop":false,"revus_size_520x440_crop":false,"revus_size_600x440_crop":false,"revus_size_425x320_crop":false,"revus_size_450x320_crop":false,"revus_size_350x320_crop":false,"revus_size_625x320_crop":false,"revus_size_600x320_crop":false,"revus_size_475x320_crop":false,"woocommerce_thumbnail":false,"woocommerce_single":false,"woocommerce_gallery_thumbnail":false},"uagb_author_info":{"display_name":"jusufovichanna7043@gmail.com","author_link":"https:\/\/bexrentacar.com\/bs\/index.php\/author\/jusufovichanna7043gmail-com\/"},"uagb_comment_info":0,"uagb_excerpt":"[vc_row css=&#8221;.vc_custom_1604585755634{margin-top: 100px !important;margin-bottom: 100px !important;}&#8221;][vc_column][\/vc_column][\/vc_row][vc_row full_width=&#8221;stretch_row&#8221; bg_theme_color=&#8221;bg-light-color&#8221; css=&#8221;.vc_custom_1589126156695{padding-top: 100px !important;padding-bottom: 100px !important;}&#8221;][vc_column width=&#8221;1\/3&#8221; column_animation=&#8221;slideUpBigIn&#8221;][\/vc_column][vc_column width=&#8221;1\/3&#8221; column_animation=&#8221;slideUpBigIn&#8221; column_custom_delay=&#8221;on&#8221; column_animation_delay=&#8221;150&#8221;][\/vc_column][vc_column width=&#8221;1\/3&#8221; column_animation=&#8221;slideUpBigIn&#8221; column_custom_delay=&#8221;on&#8221; column_animation_delay=&#8221;300&#8221;][\/vc_column][\/vc_row]","_links":{"self":[{"href":"https:\/\/bexrentacar.com\/bs\/index.php\/wp-json\/wp\/v2\/pages\/17703"}],"collection":[{"href":"https:\/\/bexrentacar.com\/bs\/index.php\/wp-json\/wp\/v2\/pages"}],"about":[{"href":"https:\/\/bexrentacar.com\/bs\/index.php\/wp-json\/wp\/v2\/types\/page"}],"author":[{"embeddable":true,"href":"https:\/\/bexrentacar.com\/bs\/index.php\/wp-json\/wp\/v2\/users\/1"}],"replies":[{"embeddable":true,"href":"https:\/\/bexrentacar.com\/bs\/index.php\/wp-json\/wp\/v2\/comments?post=17703"}],"version-history":[{"count":4,"href":"https:\/\/bexrentacar.com\/bs\/index.php\/wp-json\/wp\/v2\/pages\/17703\/revisions"}],"predecessor-version":[{"id":19237,"href":"https:\/\/bexrentacar.com\/bs\/index.php\/wp-json\/wp\/v2\/pages\/17703\/revisions\/19237"}],"wp:attachment":[{"href":"https:\/\/bexrentacar.com\/bs\/index.php\/wp-json\/wp\/v2\/media?parent=17703"}],"curies":[{"name":"wp","href":"https:\/\/api.w.org\/{rel}","templated":true}]}}