{"id":17543,"date":"2019-09-27T13:31:09","date_gmt":"2019-09-27T13:31:09","guid":{"rendered":"http:\/\/autlines.templines.org\/auto\/?page_id=17543"},"modified":"2024-09-09T16:30:55","modified_gmt":"2024-09-09T14:30:55","slug":"kontakt","status":"publish","type":"page","link":"https:\/\/bexrentacar.com\/bs\/index.php\/kontakt\/","title":{"rendered":"Kontakt"},"content":{"rendered":"<section class=\"wpb-content-wrapper\"><p>[vc_row][vc_column width=&#8221;1\/3&#8221;]<div class=\"fl-vc-contact-icon-box\" ><div class=\"contact-icon-box-container secondary-icon-box-style\"><div class=\"top-content\"><i class=\"linearicons-font linearicons-map-marker\"><\/i><\/div><div class=\"bottom-content\"><h5 class=\"icon-title-content\">Head Office<\/h5><div class=\"icon-bottom-content\">Akademika Petra Mandi\u0107a 6<\/div><\/div><\/div><\/div><div class=\"fl-vc-responsive--gap cf fl-responsive-gap-69d4c01e1eedb-9512 fl-vc--responsive\"   data-responsive-target='fl-responsive-gap-69d4c01e1eedb-9512'  data-responsive-param='{\"height\":\"tablet:65px;\"}'  style=height:0px;><\/div><div class=\"fl-vc-responsive--gap cf fl-responsive-gap-69d4c01e1eef3-2310 fl-vc--responsive\"   data-responsive-target='fl-responsive-gap-69d4c01e1eef3-2310'  data-responsive-param='{\"height\":\"tablet:65px;\"}'  style=height:0px;><\/div>[\/vc_column][vc_column width=&#8221;1\/3&#8221;]<div class=\"fl-vc-contact-icon-box\" ><div class=\"contact-icon-box-container primary-icon-box-style\"><div class=\"top-content\"><i class=\"linearicons-font linearicons-phone-handset\"><\/i><\/div><div class=\"bottom-content\"><h5 class=\"icon-title-content\">Phone<\/h5><div class=\"icon-bottom-content\"><a href=\"tel:+38766142787\">+387 66 142 787<\/a><\/div><\/div><\/div><\/div><div class=\"fl-vc-responsive--gap cf fl-responsive-gap-69d4c01e1ef36-4228 fl-vc--responsive\"   data-responsive-target='fl-responsive-gap-69d4c01e1ef36-4228'  data-responsive-param='{\"height\":\"tablet:65px;\"}'  style=height:0px;><\/div><div class=\"fl-vc-responsive--gap cf fl-responsive-gap-69d4c01e1ef43-9469 fl-vc--responsive\"   data-responsive-target='fl-responsive-gap-69d4c01e1ef43-9469'  data-responsive-param='{\"height\":\"tablet:65px;\"}'  style=height:0px;><\/div>[\/vc_column][vc_column width=&#8221;1\/3&#8221;]<div class=\"fl-vc-contact-icon-box\" ><div class=\"contact-icon-box-container secondary-icon-box-style\"><div class=\"top-content\"><i class=\"linearicons-font linearicons-envelope\"><\/i><\/div><div class=\"bottom-content\"><h5 class=\"icon-title-content\">Email<\/h5><div class=\"icon-bottom-content\"><a href=\"mailto:bexrentacar@gmail.com\">bexrentacar@gmail.com<\/a><\/div><\/div><\/div><\/div><div class=\"fl-vc-responsive--gap cf fl-responsive-gap-69d4c01e1ef79-9430 fl-vc--responsive\"   data-responsive-target='fl-responsive-gap-69d4c01e1ef79-9430'  data-responsive-param='{\"height\":\"mobile:65px;\"}'  style=height:0px;><\/div><div class=\"fl-vc-responsive--gap cf fl-responsive-gap-69d4c01e1ef86-4187 fl-vc--responsive\"   data-responsive-target='fl-responsive-gap-69d4c01e1ef86-4187'  data-responsive-param='{\"height\":\"mobile:65px;\"}'  style=height:0px;><\/div>[\/vc_column][\/vc_row][vc_row][vc_column][vc_empty_space height=&#8221;62px&#8221;][\/vc_column][\/vc_row][vc_row][vc_column column_animation=&#8221;slideLeftIn&#8221; custom_responsive_option=&#8221;on&#8221; offset=&#8221;vc_col-lg-6 vc_col-md-6&#8221; responsive_css=&#8221;margin_bottom_tablet:20px&#8221;]<div class=\"fl-vc-responsive--gap cf fl-responsive-gap-69d4c01e1ef93-5821 fl-vc--responsive\"   data-responsive-target='fl-responsive-gap-69d4c01e1ef93-5821'  data-responsive-param='{\"height\":\"tablet:65px;\"}'  style=height:0px;><\/div>[vc_gmaps link=&#8221;#E-8_JTNDaWZyYW1lJTIwc3JjJTNEJTIyaHR0cHMlM0ElMkYlMkZ3d3cuZ29vZ2xlLmNvbSUyRm1hcHMlMkZlbWJlZCUzRnBiJTNEJTIxMW0xOCUyMTFtMTIlMjExbTMlMjExZDIxMTkwLjU4MzI5MDM0MTEzMiUyMTJkMTguMzU4NTkzMjM3NDQzNTIlMjEzZDQzLjgyMzMyNDg4NzE0MDM5NCUyMTJtMyUyMTFmMCUyMTJmMCUyMTNmMCUyMTNtMiUyMTFpMTAyNCUyMTJpNzY4JTIxNGYxMy4xJTIxM20zJTIxMW0yJTIxMXMweDQ3NThjOWMwNzYxYmYxMTUlMjUzQTB4MWU2M2NkNTJiYTRjNTQ0YSUyMTJzU3Jwc2tpaCUyNTIwdmxhZGFyYSUyNTIwMjklMjUyQyUyNTIwTHVrYXZpY2ElMjE1ZTAlMjEzbTIlMjExc2VuJTIxMnNiYSUyMTR2MTY4MjgwMjQwNzU2OCUyMTVtMiUyMTFzZW4lMjEyc2JhJTIyJTIwd2lkdGglM0QlMjI2MDAlMjIlMjBoZWlnaHQlM0QlMjI4NTAlMjIlMjBzdHlsZSUzRCUyMmJvcmRlciUzQTAlM0IlMjIlMjBhbGxvd2Z1bGxzY3JlZW4lM0QlMjIlMjIlMjBsb2FkaW5nJTNEJTIybGF6eSUyMiUyMHJlZmVycmVycG9saWN5JTNEJTIybm8tcmVmZXJyZXItd2hlbi1kb3duZ3JhZGUlMjIlM0UlM0MlMkZpZnJhbWUlM0U=&#8221;][\/vc_column][vc_column column_animation=&#8221;slideRightIn&#8221; offset=&#8221;vc_col-lg-6 vc_col-md-6&#8221;]<div class=\"fl-vc-responsive--gap cf fl-responsive-gap-69d4c01e1ef9f-8659 fl-vc--responsive\"   data-responsive-target='fl-responsive-gap-69d4c01e1ef9f-8659'  data-responsive-param='{\"height\":\"tablet:65px;\"}'  style=height:0px;><\/div><div class=\"fl-vc-custom-title-container text-left\" ><h1 class=\"fl-title-vc vc-default-title fl-font-style-bolt fl-custom-title-69d4c01e1efda-5382\" >Kontaktirajte nas<\/h1><\/div><div class=\"fl_custom_text__block fl-custom-text-69d4c01e1f009-9481\" ><p>Uvijek smo tu da vam pomognemo u slu\u010daju pitanja ili problema. Mo\u017eete ispuniti na\u0161 online kontakt formular i mi \u0107emo vam se \u0161to prije javiti.<\/p>\n<p>Hvala vam \u0161to ste odabrali na\u0161u rent-a-car kompaniju. Radujemo se va\u0161em skorom kontaktu.<\/p>\n<\/div><div class=\"fl-vc-responsive--gap cf\"  style=height:25px;><\/div>\n<div class=\"wpcf7 no-js\" id=\"wpcf7-f19159-o1\" lang=\"en-GB\" dir=\"ltr\">\n<div class=\"screen-reader-response\"><p role=\"status\" aria-live=\"polite\" aria-atomic=\"true\"><\/p> <ul><\/ul><\/div>\n<form action=\"\/bs\/index.php\/wp-json\/wp\/v2\/pages\/17543#wpcf7-f19159-o1\" method=\"post\" class=\"wpcf7-form init\" aria-label=\"Contact form\" novalidate=\"novalidate\" data-status=\"init\">\n<div style=\"display: none;\">\n<input type=\"hidden\" name=\"_wpcf7\" value=\"19159\" \/>\n<input type=\"hidden\" name=\"_wpcf7_version\" value=\"5.7.6\" \/>\n<input type=\"hidden\" name=\"_wpcf7_locale\" value=\"en_GB\" \/>\n<input type=\"hidden\" name=\"_wpcf7_unit_tag\" value=\"wpcf7-f19159-o1\" \/>\n<input type=\"hidden\" name=\"_wpcf7_container_post\" value=\"0\" \/>\n<input type=\"hidden\" name=\"_wpcf7_posted_data_hash\" value=\"\" \/>\n<input type=\"hidden\" name=\"lang\" value=\"bs\" \/>\n<\/div>\n<p><label> Your name<br \/>\n<span class=\"wpcf7-form-control-wrap\" data-name=\"your-name\"><input size=\"40\" class=\"wpcf7-form-control wpcf7-text wpcf7-validates-as-required\" autocomplete=\"name\" aria-required=\"true\" aria-invalid=\"false\" value=\"\" type=\"text\" name=\"your-name\" \/><\/span> <\/label>\n<\/p>\n<p><label> Your email<br \/>\n<span class=\"wpcf7-form-control-wrap\" data-name=\"your-email\"><input size=\"40\" class=\"wpcf7-form-control wpcf7-text wpcf7-email wpcf7-validates-as-required wpcf7-validates-as-email\" autocomplete=\"email\" aria-required=\"true\" aria-invalid=\"false\" value=\"\" type=\"email\" name=\"your-email\" \/><\/span> <\/label>\n<\/p>\n<p><label> Subject<br \/>\n<span class=\"wpcf7-form-control-wrap\" data-name=\"your-subject\"><input size=\"40\" class=\"wpcf7-form-control wpcf7-text wpcf7-validates-as-required\" aria-required=\"true\" aria-invalid=\"false\" value=\"\" type=\"text\" name=\"your-subject\" \/><\/span> <\/label>\n<\/p>\n<p><label> Your message (optional)<br \/>\n<span class=\"wpcf7-form-control-wrap\" data-name=\"your-message\"><textarea cols=\"40\" rows=\"10\" class=\"wpcf7-form-control wpcf7-textarea\" aria-invalid=\"false\" name=\"your-message\"><\/textarea><\/span> <\/label>\n<\/p>\n<p><input class=\"wpcf7-form-control has-spinner wpcf7-submit\" type=\"submit\" value=\"Submit\" \/>\n<\/p><div class=\"wpcf7-response-output\" aria-hidden=\"true\"><\/div>\n<\/form>\n<\/div>\n[\/vc_column][\/vc_row]<\/p>\n<\/section>","protected":false},"excerpt":{"rendered":"<p>[vc_row][vc_column width=&#8221;1\/3&#8221;][\/vc_column][vc_column width=&#8221;1\/3&#8221;][\/vc_column][vc_column width=&#8221;1\/3&#8221;][\/vc_column][\/vc_row][vc_row][vc_column][vc_empty_space height=&#8221;62px&#8221;][\/vc_column][\/vc_row][vc_row][vc_column column_animation=&#8221;slideLeftIn&#8221; custom_responsive_option=&#8221;on&#8221; offset=&#8221;vc_col-lg-6 vc_col-md-6&#8221; responsive_css=&#8221;margin_bottom_tablet:20px&#8221;][vc_gmaps link=&#8221;#E-8_JTNDaWZyYW1lJTIwc3JjJTNEJTIyaHR0cHMlM0ElMkYlMkZ3d3cuZ29vZ2xlLmNvbSUyRm1hcHMlMkZlbWJlZCUzRnBiJTNEJTIxMW0xOCUyMTFtMTIlMjExbTMlMjExZDIxMTkwLjU4MzI5MDM0MTEzMiUyMTJkMTguMzU4NTkzMjM3NDQzNTIlMjEzZDQzLjgyMzMyNDg4NzE0MDM5NCUyMTJtMyUyMTFmMCUyMTJmMCUyMTNmMCUyMTNtMiUyMTFpMTAyNCUyMTJpNzY4JTIxNGYxMy4xJTIxM20zJTIxMW0yJTIxMXMweDQ3NThjOWMwNzYxYmYxMTUlMjUzQTB4MWU2M2NkNTJiYTRjNTQ0YSUyMTJzU3Jwc2tpaCUyNTIwdmxhZGFyYSUyNTIwMjklMjUyQyUyNTIwTHVrYXZpY2ElMjE1ZTAlMjEzbTIlMjExc2VuJTIxMnNiYSUyMTR2MTY4MjgwMjQwNzU2OCUyMTVtMiUyMTFzZW4lMjEyc2JhJTIyJTIwd2lkdGglM0QlMjI2MDAlMjIlMjBoZWlnaHQlM0QlMjI4NTAlMjIlMjBzdHlsZSUzRCUyMmJvcmRlciUzQTAlM0IlMjIlMjBhbGxvd2Z1bGxzY3JlZW4lM0QlMjIlMjIlMjBsb2FkaW5nJTNEJTIybGF6eSUyMiUyMHJlZmVycmVycG9saWN5JTNEJTIybm8tcmVmZXJyZXItd2hlbi1kb3duZ3JhZGUlMjIlM0UlM0MlMkZpZnJhbWUlM0U=&#8221;][\/vc_column][vc_column column_animation=&#8221;slideRightIn&#8221; offset=&#8221;vc_col-lg-6 vc_col-md-6&#8221;][\/vc_column][\/vc_row]<\/p>\n","protected":false},"author":1,"featured_media":0,"parent":0,"menu_order":0,"comment_status":"closed","ping_status":"closed","template":"","meta":{"om_disable_all_campaigns":false,"pmpro_default_level":0,"_uag_custom_page_level_css":"","_monsterinsights_skip_tracking":false,"_monsterinsights_sitenote_active":false,"_monsterinsights_sitenote_note":"","_monsterinsights_sitenote_category":0,"footnotes":""},"acf":[],"yoast_head":"<!-- This site is optimized with the Yoast SEO plugin v21.4 - https:\/\/yoast.com\/wordpress\/plugins\/seo\/ -->\n<title>Kontakt - bexrentacar.com<\/title>\n<meta name=\"robots\" content=\"index, follow, max-snippet:-1, max-image-preview:large, max-video-preview:-1\" \/>\n<link rel=\"canonical\" href=\"https:\/\/bexrentacar.com\/index.php\/kontakt\/\" \/>\n<meta property=\"og:locale\" content=\"bs_BA\" \/>\n<meta property=\"og:type\" content=\"article\" \/>\n<meta property=\"og:title\" content=\"Kontakt\" \/>\n<meta property=\"og:description\" content=\"[vc_row][vc_column width=&#8221;1\/3&#8221;][\/vc_column][vc_column width=&#8221;1\/3&#8221;][\/vc_column][vc_column width=&#8221;1\/3&#8221;][\/vc_column][\/vc_row][vc_row][vc_column][vc_empty_space height=&#8221;62px&#8221;][\/vc_column][\/vc_row][vc_row][vc_column column_animation=&#8221;slideLeftIn&#8221; custom_responsive_option=&#8221;on&#8221; offset=&#8221;vc_col-lg-6 vc_col-md-6&#8221; responsive_css=&#8221;margin_bottom_tablet:20px&#8221;][vc_gmaps link=&#8221;#E-8_JTNDaWZyYW1lJTIwc3JjJTNEJTIyaHR0cHMlM0ElMkYlMkZ3d3cuZ29vZ2xlLmNvbSUyRm1hcHMlMkZlbWJlZCUzRnBiJTNEJTIxMW0xOCUyMTFtMTIlMjExbTMlMjExZDIxMTkwLjU4MzI5MDM0MTEzMiUyMTJkMTguMzU4NTkzMjM3NDQzNTIlMjEzZDQzLjgyMzMyNDg4NzE0MDM5NCUyMTJtMyUyMTFmMCUyMTJmMCUyMTNmMCUyMTNtMiUyMTFpMTAyNCUyMTJpNzY4JTIxNGYxMy4xJTIxM20zJTIxMW0yJTIxMXMweDQ3NThjOWMwNzYxYmYxMTUlMjUzQTB4MWU2M2NkNTJiYTRjNTQ0YSUyMTJzU3Jwc2tpaCUyNTIwdmxhZGFyYSUyNTIwMjklMjUyQyUyNTIwTHVrYXZpY2ElMjE1ZTAlMjEzbTIlMjExc2VuJTIxMnNiYSUyMTR2MTY4MjgwMjQwNzU2OCUyMTVtMiUyMTFzZW4lMjEyc2JhJTIyJTIwd2lkdGglM0QlMjI2MDAlMjIlMjBoZWlnaHQlM0QlMjI4NTAlMjIlMjBzdHlsZSUzRCUyMmJvcmRlciUzQTAlM0IlMjIlMjBhbGxvd2Z1bGxzY3JlZW4lM0QlMjIlMjIlMjBsb2FkaW5nJTNEJTIybGF6eSUyMiUyMHJlZmVycmVycG9saWN5JTNEJTIybm8tcmVmZXJyZXItd2hlbi1kb3duZ3JhZGUlMjIlM0UlM0MlMkZpZnJhbWUlM0U=&#8221;][\/vc_column][vc_column column_animation=&#8221;slideRightIn&#8221; offset=&#8221;vc_col-lg-6 vc_col-md-6&#8221;][\/vc_column][\/vc_row]\" \/>\n<meta property=\"og:url\" content=\"https:\/\/bexrentacar.com\/index.php\/kontakt\/\" \/>\n<meta property=\"og:site_name\" content=\"bexrentacar.com\" \/>\n<meta property=\"article:publisher\" content=\"https:\/\/www.facebook.com\/profile.php?id=100090590109706\" \/>\n<meta property=\"article:modified_time\" content=\"2024-09-09T14:30:55+00:00\" \/>\n<meta name=\"twitter:card\" content=\"summary_large_image\" \/>\n<meta name=\"twitter:label1\" content=\"Est. reading time\" \/>\n\t<meta name=\"twitter:data1\" content=\"1 minuta\" \/>\n<script type=\"application\/ld+json\" class=\"yoast-schema-graph\">{\"@context\":\"https:\/\/schema.org\",\"@graph\":[{\"@type\":\"WebPage\",\"@id\":\"https:\/\/bexrentacar.com\/index.php\/kontakt\/\",\"url\":\"https:\/\/bexrentacar.com\/index.php\/kontakt\/\",\"name\":\"[:en]Contacts[:bs]Kontakt[:] - bexrentacar.com\",\"isPartOf\":{\"@id\":\"https:\/\/bexrentacar.com\/#website\"},\"datePublished\":\"2019-09-27T13:31:09+00:00\",\"dateModified\":\"2024-09-09T14:30:55+00:00\",\"breadcrumb\":{\"@id\":\"https:\/\/bexrentacar.com\/index.php\/kontakt\/#breadcrumb\"},\"inLanguage\":\"bs-BA\",\"potentialAction\":[{\"@type\":\"ReadAction\",\"target\":[\"https:\/\/bexrentacar.com\/index.php\/kontakt\/\"]}]},{\"@type\":\"BreadcrumbList\",\"@id\":\"https:\/\/bexrentacar.com\/index.php\/kontakt\/#breadcrumb\",\"itemListElement\":[{\"@type\":\"ListItem\",\"position\":1,\"name\":\"Home\",\"item\":\"https:\/\/bexrentacar.com\/\"},{\"@type\":\"ListItem\",\"position\":2,\"name\":\"Contacts\"}]},{\"@type\":\"WebSite\",\"@id\":\"https:\/\/bexrentacar.com\/#website\",\"url\":\"https:\/\/bexrentacar.com\/\",\"name\":\"bexrentacar.com\",\"description\":\"Rent a Car Sarajevo\",\"publisher\":{\"@id\":\"https:\/\/bexrentacar.com\/#organization\"},\"potentialAction\":[{\"@type\":\"SearchAction\",\"target\":{\"@type\":\"EntryPoint\",\"urlTemplate\":\"https:\/\/bexrentacar.com\/?s={search_term_string}\"},\"query-input\":\"required name=search_term_string\"}],\"inLanguage\":\"bs-BA\"},{\"@type\":\"Organization\",\"@id\":\"https:\/\/bexrentacar.com\/#organization\",\"name\":\"Bex Rent a Car Sarajevo\",\"url\":\"https:\/\/bexrentacar.com\/\",\"logo\":{\"@type\":\"ImageObject\",\"inLanguage\":\"bs-BA\",\"@id\":\"https:\/\/bexrentacar.com\/#\/schema\/logo\/image\/\",\"url\":\"https:\/\/bexrentacar.com\/wp-content\/uploads\/2018\/06\/bex-logo-10-04-1-e1682288458688.png\",\"contentUrl\":\"https:\/\/bexrentacar.com\/wp-content\/uploads\/2018\/06\/bex-logo-10-04-1-e1682288458688.png\",\"width\":7515,\"height\":5431,\"caption\":\"Bex Rent a Car Sarajevo\"},\"image\":{\"@id\":\"https:\/\/bexrentacar.com\/#\/schema\/logo\/image\/\"},\"sameAs\":[\"https:\/\/www.facebook.com\/profile.php?id=100090590109706\",\"https:\/\/www.instagram.com\/bex_rent_a_car\/\"]}]}<\/script>\n<!-- \/ Yoast SEO plugin. -->","yoast_head_json":{"title":"Kontakt - bexrentacar.com","robots":{"index":"index","follow":"follow","max-snippet":"max-snippet:-1","max-image-preview":"max-image-preview:large","max-video-preview":"max-video-preview:-1"},"canonical":"https:\/\/bexrentacar.com\/index.php\/kontakt\/","og_locale":"bs_BA","og_type":"article","og_title":"[:en]Contacts[:bs]Kontakt[:] - bexrentacar.com","og_description":"[vc_row][vc_column width=&#8221;1\/3&#8221;][\/vc_column][vc_column width=&#8221;1\/3&#8221;][\/vc_column][vc_column width=&#8221;1\/3&#8221;][\/vc_column][\/vc_row][vc_row][vc_column][vc_empty_space height=&#8221;62px&#8221;][\/vc_column][\/vc_row][vc_row][vc_column column_animation=&#8221;slideLeftIn&#8221; custom_responsive_option=&#8221;on&#8221; offset=&#8221;vc_col-lg-6 vc_col-md-6&#8221; responsive_css=&#8221;margin_bottom_tablet:20px&#8221;][vc_gmaps link=&#8221;#E-8_JTNDaWZyYW1lJTIwc3JjJTNEJTIyaHR0cHMlM0ElMkYlMkZ3d3cuZ29vZ2xlLmNvbSUyRm1hcHMlMkZlbWJlZCUzRnBiJTNEJTIxMW0xOCUyMTFtMTIlMjExbTMlMjExZDIxMTkwLjU4MzI5MDM0MTEzMiUyMTJkMTguMzU4NTkzMjM3NDQzNTIlMjEzZDQzLjgyMzMyNDg4NzE0MDM5NCUyMTJtMyUyMTFmMCUyMTJmMCUyMTNmMCUyMTNtMiUyMTFpMTAyNCUyMTJpNzY4JTIxNGYxMy4xJTIxM20zJTIxMW0yJTIxMXMweDQ3NThjOWMwNzYxYmYxMTUlMjUzQTB4MWU2M2NkNTJiYTRjNTQ0YSUyMTJzU3Jwc2tpaCUyNTIwdmxhZGFyYSUyNTIwMjklMjUyQyUyNTIwTHVrYXZpY2ElMjE1ZTAlMjEzbTIlMjExc2VuJTIxMnNiYSUyMTR2MTY4MjgwMjQwNzU2OCUyMTVtMiUyMTFzZW4lMjEyc2JhJTIyJTIwd2lkdGglM0QlMjI2MDAlMjIlMjBoZWlnaHQlM0QlMjI4NTAlMjIlMjBzdHlsZSUzRCUyMmJvcmRlciUzQTAlM0IlMjIlMjBhbGxvd2Z1bGxzY3JlZW4lM0QlMjIlMjIlMjBsb2FkaW5nJTNEJTIybGF6eSUyMiUyMHJlZmVycmVycG9saWN5JTNEJTIybm8tcmVmZXJyZXItd2hlbi1kb3duZ3JhZGUlMjIlM0UlM0MlMkZpZnJhbWUlM0U=&#8221;][\/vc_column][vc_column column_animation=&#8221;slideRightIn&#8221; offset=&#8221;vc_col-lg-6 vc_col-md-6&#8221;][\/vc_column][\/vc_row]","og_url":"https:\/\/bexrentacar.com\/index.php\/kontakt\/","og_site_name":"bexrentacar.com","article_publisher":"https:\/\/www.facebook.com\/profile.php?id=100090590109706","article_modified_time":"2024-09-09T14:30:55+00:00","twitter_card":"summary_large_image","twitter_misc":{"Est. reading time":"1 minuta"},"schema":{"@context":"https:\/\/schema.org","@graph":[{"@type":"WebPage","@id":"https:\/\/bexrentacar.com\/index.php\/kontakt\/","url":"https:\/\/bexrentacar.com\/index.php\/kontakt\/","name":"[:en]Contacts[:bs]Kontakt[:] - bexrentacar.com","isPartOf":{"@id":"https:\/\/bexrentacar.com\/#website"},"datePublished":"2019-09-27T13:31:09+00:00","dateModified":"2024-09-09T14:30:55+00:00","breadcrumb":{"@id":"https:\/\/bexrentacar.com\/index.php\/kontakt\/#breadcrumb"},"inLanguage":"bs-BA","potentialAction":[{"@type":"ReadAction","target":["https:\/\/bexrentacar.com\/index.php\/kontakt\/"]}]},{"@type":"BreadcrumbList","@id":"https:\/\/bexrentacar.com\/index.php\/kontakt\/#breadcrumb","itemListElement":[{"@type":"ListItem","position":1,"name":"Home","item":"https:\/\/bexrentacar.com\/"},{"@type":"ListItem","position":2,"name":"Contacts"}]},{"@type":"WebSite","@id":"https:\/\/bexrentacar.com\/#website","url":"https:\/\/bexrentacar.com\/","name":"bexrentacar.com","description":"Rent a Car Sarajevo","publisher":{"@id":"https:\/\/bexrentacar.com\/#organization"},"potentialAction":[{"@type":"SearchAction","target":{"@type":"EntryPoint","urlTemplate":"https:\/\/bexrentacar.com\/?s={search_term_string}"},"query-input":"required name=search_term_string"}],"inLanguage":"bs-BA"},{"@type":"Organization","@id":"https:\/\/bexrentacar.com\/#organization","name":"Bex Rent a Car Sarajevo","url":"https:\/\/bexrentacar.com\/","logo":{"@type":"ImageObject","inLanguage":"bs-BA","@id":"https:\/\/bexrentacar.com\/#\/schema\/logo\/image\/","url":"https:\/\/bexrentacar.com\/wp-content\/uploads\/2018\/06\/bex-logo-10-04-1-e1682288458688.png","contentUrl":"https:\/\/bexrentacar.com\/wp-content\/uploads\/2018\/06\/bex-logo-10-04-1-e1682288458688.png","width":7515,"height":5431,"caption":"Bex Rent a Car Sarajevo"},"image":{"@id":"https:\/\/bexrentacar.com\/#\/schema\/logo\/image\/"},"sameAs":["https:\/\/www.facebook.com\/profile.php?id=100090590109706","https:\/\/www.instagram.com\/bex_rent_a_car\/"]}]}},"uagb_featured_image_src":{"full":false,"thumbnail":false,"medium":false,"medium_large":false,"large":false,"1536x1536":false,"2048x2048":false,"awb_sm":false,"awb_md":false,"awb_lg":false,"awb_xl":false,"revus_size_size_80x80_crop":false,"revus_size_size_90x90_crop":false,"revus_size_size_130x130_crop":false,"revus_size_size_291x255_crop":false,"revus_size_1170x658_crop":false,"revus_size_600x360_crop":false,"revus_size_945x450_crop":false,"revus_size_750x430_crop":false,"revus_size_480x360_crop":false,"revus_size_180x100_crop":false,"revus_size_520x440_crop":false,"revus_size_600x440_crop":false,"revus_size_425x320_crop":false,"revus_size_450x320_crop":false,"revus_size_350x320_crop":false,"revus_size_625x320_crop":false,"revus_size_600x320_crop":false,"revus_size_475x320_crop":false,"woocommerce_thumbnail":false,"woocommerce_single":false,"woocommerce_gallery_thumbnail":false},"uagb_author_info":{"display_name":"jusufovichanna7043@gmail.com","author_link":"https:\/\/bexrentacar.com\/bs\/index.php\/author\/jusufovichanna7043gmail-com\/"},"uagb_comment_info":0,"uagb_excerpt":"[vc_row][vc_column width=&#8221;1\/3&#8221;][\/vc_column][vc_column width=&#8221;1\/3&#8221;][\/vc_column][vc_column width=&#8221;1\/3&#8221;][\/vc_column][\/vc_row][vc_row][vc_column][vc_empty_space height=&#8221;62px&#8221;][\/vc_column][\/vc_row][vc_row][vc_column column_animation=&#8221;slideLeftIn&#8221; custom_responsive_option=&#8221;on&#8221; offset=&#8221;vc_col-lg-6 vc_col-md-6&#8221; responsive_css=&#8221;margin_bottom_tablet:20px&#8221;][vc_gmaps link=&#8221;#E-8_JTNDaWZyYW1lJTIwc3JjJTNEJTIyaHR0cHMlM0ElMkYlMkZ3d3cuZ29vZ2xlLmNvbSUyRm1hcHMlMkZlbWJlZCUzRnBiJTNEJTIxMW0xOCUyMTFtMTIlMjExbTMlMjExZDIxMTkwLjU4MzI5MDM0MTEzMiUyMTJkMTguMzU4NTkzMjM3NDQzNTIlMjEzZDQzLjgyMzMyNDg4NzE0MDM5NCUyMTJtMyUyMTFmMCUyMTJmMCUyMTNmMCUyMTNtMiUyMTFpMTAyNCUyMTJpNzY4JTIxNGYxMy4xJTIxM20zJTIxMW0yJTIxMXMweDQ3NThjOWMwNzYxYmYxMTUlMjUzQTB4MWU2M2NkNTJiYTRjNTQ0YSUyMTJzU3Jwc2tpaCUyNTIwdmxhZGFyYSUyNTIwMjklMjUyQyUyNTIwTHVrYXZpY2ElMjE1ZTAlMjEzbTIlMjExc2VuJTIxMnNiYSUyMTR2MTY4MjgwMjQwNzU2OCUyMTVtMiUyMTFzZW4lMjEyc2JhJTIyJTIwd2lkdGglM0QlMjI2MDAlMjIlMjBoZWlnaHQlM0QlMjI4NTAlMjIlMjBzdHlsZSUzRCUyMmJvcmRlciUzQTAlM0IlMjIlMjBhbGxvd2Z1bGxzY3JlZW4lM0QlMjIlMjIlMjBsb2FkaW5nJTNEJTIybGF6eSUyMiUyMHJlZmVycmVycG9saWN5JTNEJTIybm8tcmVmZXJyZXItd2hlbi1kb3duZ3JhZGUlMjIlM0UlM0MlMkZpZnJhbWUlM0U=&#8221;][\/vc_column][vc_column column_animation=&#8221;slideRightIn&#8221; offset=&#8221;vc_col-lg-6 vc_col-md-6&#8221;][\/vc_column][\/vc_row]","_links":{"self":[{"href":"https:\/\/bexrentacar.com\/bs\/index.php\/wp-json\/wp\/v2\/pages\/17543"}],"collection":[{"href":"https:\/\/bexrentacar.com\/bs\/index.php\/wp-json\/wp\/v2\/pages"}],"about":[{"href":"https:\/\/bexrentacar.com\/bs\/index.php\/wp-json\/wp\/v2\/types\/page"}],"author":[{"embeddable":true,"href":"https:\/\/bexrentacar.com\/bs\/index.php\/wp-json\/wp\/v2\/users\/1"}],"replies":[{"embeddable":true,"href":"https:\/\/bexrentacar.com\/bs\/index.php\/wp-json\/wp\/v2\/comments?post=17543"}],"version-history":[{"count":15,"href":"https:\/\/bexrentacar.com\/bs\/index.php\/wp-json\/wp\/v2\/pages\/17543\/revisions"}],"predecessor-version":[{"id":19354,"href":"https:\/\/bexrentacar.com\/bs\/index.php\/wp-json\/wp\/v2\/pages\/17543\/revisions\/19354"}],"wp:attachment":[{"href":"https:\/\/bexrentacar.com\/bs\/index.php\/wp-json\/wp\/v2\/media?parent=17543"}],"curies":[{"name":"wp","href":"https:\/\/api.w.org\/{rel}","templated":true}]}}